{"id":16,"date":"2024-01-11T21:59:20","date_gmt":"2024-01-11T21:59:20","guid":{"rendered":"http:\/\/www.caminodesantiagoastorga.com\/?page_id=16"},"modified":"2026-02-06T12:13:32","modified_gmt":"2026-02-06T12:13:32","slug":"elementor-16","status":"publish","type":"page","link":"https:\/\/www.caminodesantiagoastorga.com\/","title":{"rendered":"Post #16"},"content":{"rendered":"\n\n\t<style>\/*! elementor - v3.18.0 - 20-12-2023 *\/<br \/>.elementor-widget-image{text-align:center}.elementor-widget-image a{display:inline-block}.elementor-widget-image a img[src$=\".svg\"]{width:48px}.elementor-widget-image img{vertical-align:middle;display:inline-block}<\/style>\n<p><img decoding=\"async\" title=\"albergue-peregrinos-astorga\" src=\"http:\/\/www.caminodesantiagoastorga.com\/wp-content\/uploads\/2024\/01\/albergue-peregrinos-astorga.png\" alt=\"albergue-peregrinos-astorga\" \/><\/p>\n\t<h1><strong>ALBERGUE<\/strong><\/h1>\n<h1><strong>DE PEREGRINOS<\/strong><\/h1>\n<h1><strong>DE ASTORGA<\/strong><\/h1>\n<h1><b>SIERVAS DE MAR\u00cdA<\/b><\/h1>\n<figure itemscope itemtype=\"https:\/\/schema.org\/ImageObject\">\n\t\t\t\t<img decoding=\"async\" src=\"http:\/\/www.caminodesantiagoastorga.com\/wp-content\/uploads\/2024\/01\/Logo-AMIGOS-CAMINO-SANTIAGO-copia-300x147.jpg\" alt=\"Logo AMIGOS CAMINO SANTIAGO copia\" title=\"Logo AMIGOS CAMINO SANTIAGO copia\" onerror=\"this.style.display='none'\" loading=\"lazy\" \/>\n\t<\/figure>\n\t<p><strong>ASOCIACI\u00d3N AMIGOS DEL CAMINO DE SANTIAGO<\/strong><\/p>\n<figure itemscope itemtype=\"https:\/\/schema.org\/ImageObject\">\n\t\t\t\t<a href=\"https:\/\/caminodesantiagoastorga.com\/tourvirtual\/alberguesiervasdemaria\/output\/\"  target=\"_self\" itemprop=\"url\">\n\t\t\t\t<img decoding=\"async\" src=\"https:\/\/www.caminodesantiagoastorga.com\/wp-content\/uploads\/2024\/01\/boton-concha-borde-santiago-150x150.png\" alt=\"boton-concha-borde-santiago\" height=\"150\" width=\"150\" title=\"boton-concha-borde-santiago\" onerror=\"this.style.display='none'\" loading=\"lazy\" \/>\n\t\t\t\t<\/a>\n\t<\/figure>\n\t<p><strong>ABIERTO TODO EL A\u00d1O<\/strong><\/p>\n<p><strong>HORARIOS<\/strong><\/p>\n<p>Verano: 11:00 a 22:30<\/p>\n<p>Invierno: 14:00 a 21:30<\/p>\n\t<p><strong>ASOCIACI\u00d3N AMIGOS DEL CAMINO DE SANTIAGO<\/strong><\/p>\n<p>Plaza San Francisco 3, 24700, Astorga &#8211; Le\u00f3n<\/p>\n<p>Tlf. 987 61 60 34<\/p>\n\t<p><b>APORTACI\u00d3N<\/b><\/p>\n<p>8\u20ac <\/p>\n<p>(Destinados al mantenimiento<\/p>\n<p>del Albergue)<\/p>\n\n","protected":false},"excerpt":{"rendered":"<p>ALBERGUE DE PEREGRINOS DE ASTORGA SIERVAS DE MAR\u00cdA ASOCIACI\u00d3N AMIGOS DEL CAMINO DE SANTIAGO ABIERTO TODO EL A\u00d1O HORARIOS Verano: 11:00 a 22:30 Invierno: 14:00 a 21:30 ASOCIACI\u00d3N AMIGOS DEL CAMINO DE SANTIAGO Plaza San Francisco 3, 24700, Astorga &#8211; Le\u00f3n Tlf. 987 61 60 34 APORTACI\u00d3N 8\u20ac (Destinados al mantenimiento del Albergue)<\/p>\n","protected":false},"author":1,"featured_media":0,"parent":0,"menu_order":0,"comment_status":"closed","ping_status":"closed","template":"","meta":{"footnotes":""},"class_list":["post-16","page","type-page","status-publish","hentry"],"_links":{"self":[{"href":"https:\/\/www.caminodesantiagoastorga.com\/index.php?rest_route=\/wp\/v2\/pages\/16","targetHints":{"allow":["GET"]}}],"collection":[{"href":"https:\/\/www.caminodesantiagoastorga.com\/index.php?rest_route=\/wp\/v2\/pages"}],"about":[{"href":"https:\/\/www.caminodesantiagoastorga.com\/index.php?rest_route=\/wp\/v2\/types\/page"}],"author":[{"embeddable":true,"href":"https:\/\/www.caminodesantiagoastorga.com\/index.php?rest_route=\/wp\/v2\/users\/1"}],"replies":[{"embeddable":true,"href":"https:\/\/www.caminodesantiagoastorga.com\/index.php?rest_route=%2Fwp%2Fv2%2Fcomments&post=16"}],"version-history":[{"count":62,"href":"https:\/\/www.caminodesantiagoastorga.com\/index.php?rest_route=\/wp\/v2\/pages\/16\/revisions"}],"predecessor-version":[{"id":108,"href":"https:\/\/www.caminodesantiagoastorga.com\/index.php?rest_route=\/wp\/v2\/pages\/16\/revisions\/108"}],"wp:attachment":[{"href":"https:\/\/www.caminodesantiagoastorga.com\/index.php?rest_route=%2Fwp%2Fv2%2Fmedia&parent=16"}],"curies":[{"name":"wp","href":"https:\/\/api.w.org\/{rel}","templated":true}]}}